{"id":838,"date":"2025-06-19T14:54:33","date_gmt":"2025-06-19T11:54:33","guid":{"rendered":"https:\/\/iciec.isdb.org\/ader\/2024\/strategic-outlook-for-2025\/"},"modified":"2025-07-08T11:36:22","modified_gmt":"2025-07-08T08:36:22","slug":"strategic-outlook-for-2025","status":"publish","type":"page","link":"https:\/\/iciec.isdb.org\/ader\/2024\/fr\/strategic-outlook-for-2025\/","title":{"rendered":"Perspectives strat\u00e9giques pour 2025"},"content":{"rendered":"\n<p>L\u2019expansion des activit\u00e9s mondiales de la SIACE, notamment dans le domaine de l\u2018assurance de cr\u00e9dit commercial et de l\u2018assurance des investissements, accro\u00eet son exposition \u00e0 la volatilit\u00e9 \u00e9conomique et aux risques g\u00e9opolitiques. \u00c0 l\u2019instar du secteur plus large de l\u2019Assurance-cr\u00e9dit et risques politiques, nous continuons de constater une forte demande de solutions de r\u00e9duction des risques, en particulier pour les cr\u00e9dits \u00e0 l\u2019exportation \u00e0 court terme et la couverture \u00e0 plus long terme.<br><br>Dans le contexte des changements g\u00e9opolitiques et \u00e9conomiques en cours, la SIACE reste concentr\u00e9e sur l\u2019adaptation de sa strat\u00e9gie aux tendances mondiales et sp\u00e9cifiques \u00e0 l\u2019OCI. Le r\u00e9alignement strat\u00e9gique 2023-2025 du Groupe de la BID renforce le besoin d\u2019agilit\u00e9 et d\u2019alignement sur les priorit\u00e9s mondiales. En r\u00e9ponse, nous affinons activement nos op\u00e9rations et nos offres pour garantir que la SIACE reste \u00e0 la pointe de la demande du march\u00e9 tout en continuant \u00e0 avoir un impact dans nos \u00c9tats membres.<\/p>\n","protected":false},"excerpt":{"rendered":"<p>L\u2019expansion des activit\u00e9s mondiales de la SIACE, notamment dans le domaine de l\u2018assurance de cr\u00e9dit commercial et de l\u2018assurance des investissements, accro\u00eet son exposition \u00e0 la volatilit\u00e9 \u00e9conomique et aux risques g\u00e9opolitiques. \u00c0 l\u2019instar du secteur plus large de l\u2019Assurance-cr\u00e9dit et risques politiques, nous continuons de constater une forte demande de solutions de r\u00e9duction des &hellip; <a href=\"https:\/\/iciec.isdb.org\/ader\/2024\/fr\/strategic-outlook-for-2025\/\">Continued<\/a><\/p>\n","protected":false},"author":1,"featured_media":840,"parent":0,"menu_order":0,"comment_status":"closed","ping_status":"closed","template":"p-strategic-outlook.blade.php","meta":{"_acf_changed":false,"footnotes":""},"class_list":["post-838","page","type-page","status-publish","has-post-thumbnail","hentry"],"acf":[],"_links":{"self":[{"href":"https:\/\/iciec.isdb.org\/ader\/2024\/fr\/wp-json\/wp\/v2\/pages\/838","targetHints":{"allow":["GET"]}}],"collection":[{"href":"https:\/\/iciec.isdb.org\/ader\/2024\/fr\/wp-json\/wp\/v2\/pages"}],"about":[{"href":"https:\/\/iciec.isdb.org\/ader\/2024\/fr\/wp-json\/wp\/v2\/types\/page"}],"author":[{"embeddable":true,"href":"https:\/\/iciec.isdb.org\/ader\/2024\/fr\/wp-json\/wp\/v2\/users\/1"}],"replies":[{"embeddable":true,"href":"https:\/\/iciec.isdb.org\/ader\/2024\/fr\/wp-json\/wp\/v2\/comments?post=838"}],"version-history":[{"count":4,"href":"https:\/\/iciec.isdb.org\/ader\/2024\/fr\/wp-json\/wp\/v2\/pages\/838\/revisions"}],"predecessor-version":[{"id":885,"href":"https:\/\/iciec.isdb.org\/ader\/2024\/fr\/wp-json\/wp\/v2\/pages\/838\/revisions\/885"}],"wp:featuredmedia":[{"embeddable":true,"href":"https:\/\/iciec.isdb.org\/ader\/2024\/fr\/wp-json\/wp\/v2\/media\/840"}],"wp:attachment":[{"href":"https:\/\/iciec.isdb.org\/ader\/2024\/fr\/wp-json\/wp\/v2\/media?parent=838"}],"curies":[{"name":"wp","href":"https:\/\/api.w.org\/{rel}","templated":true}]}}