{"id":651,"date":"2024-12-19T06:24:07","date_gmt":"2024-12-19T06:24:07","guid":{"rendered":"https:\/\/iciec.isdb.org\/ader\/?page_id=651"},"modified":"2025-02-18T14:25:31","modified_gmt":"2025-02-18T14:25:31","slug":"message-from-the-management","status":"publish","type":"page","link":"https:\/\/iciec.isdb.org\/ader\/fr\/message-from-the-management\/","title":{"rendered":"UN MESSAGE DE LA DIRECTION"},"content":{"rendered":"\r\n<p>A l&rsquo;occasion du 30\u00e8me anniversaire de la SIACE, j&rsquo;ai le plaisir de vous pr\u00e9senter notre 7\u00e8me \u00e9dition du Rapport sur l&rsquo;Efficacit\u00e9 du D\u00e9veloppement. Ce rapport donne un aper\u00e7u de la mani\u00e8re dont les services d&rsquo;assurance de la SIACE sont con\u00e7us d\u2019une mani\u00e8re strat\u00e9gique pour obtenir des impacts cibl\u00e9s dans les principaux secteurs du d\u00e9veloppement, contribuant ainsi aux Objectifs de d\u00e9veloppement durable (ODD), tout en s&rsquo;alignant sur les plans de d\u00e9veloppement nationaux des \u00c9tats membres.<\/p>\r\n<p>Au cours de nos 30 ann\u00e9es d&rsquo;existence, nous avons contribu\u00e9 \u00e0 \u00e9largir les opportunit\u00e9s de commerce et d&rsquo;investissement li\u00e9es \u00e0 nos \u00c9tats membres, en aidant des milliers d&rsquo;exportateurs \u00e0 s&rsquo;aventurer sur de nouveaux march\u00e9s. En 2023, nous avons franchi une \u00e9tape importante avec des affaires cumul\u00e9es assur\u00e9es depuis notre cr\u00e9ation d\u00e9passant les 100 milliards de dollars, dont plus de la moiti\u00e9 a \u00e9t\u00e9 r\u00e9alis\u00e9e au cours des cinq derni\u00e8res ann\u00e9es. Pour souligner davantage notre croissance et notre impact significatifs au cours des derni\u00e8res ann\u00e9es, nos activit\u00e9s intra-OCI ont d\u00e9pass\u00e9 50 milliards de dollars en termes de commerce et d&rsquo;investissement en 2023.<\/p>\r\n\r\n\r\n\r\n<p>Durant l&rsquo;ann\u00e9e 2023, la SIACE a \u00e9t\u00e9 confront\u00e9e \u00e0 d&rsquo;importants d\u00e9fis mondiaux marqu\u00e9s par les cons\u00e9quences \u00e9conomiques de la pand\u00e9mie, le conflit en Ukraine entra\u00eenant une grave crise \u00e9nerg\u00e9tique, et les perturbations de la cha\u00eene d&rsquo;approvisionnement en produits alimentaires essentiels. Nous avons r\u00e9pondu \u00e0 ces graves d\u00e9fis en forgeant des partenariats essentiels pour soutenir les programmes de s\u00e9curit\u00e9 alimentaire des \u00c9tats membres et avons rendu op\u00e9rationnel le Fonds de garantie Arabo-Africain (AAGF), qui int\u00e8gre un volet de s\u00e9curit\u00e9 alimentaire. Nous avons acc\u00e9l\u00e9r\u00e9 notre contribution \u00e0 la r\u00e9solution des d\u00e9fis mondiaux en terme de s\u00e9curit\u00e9 alimentaire, d\u00e9passant notre engagement initial de 500 millions de dollars en approuvant un montant de 788 millions d&rsquo;USD d&rsquo;ici \u00e0 la fin de 2023 dans le cadre du programme de r\u00e9ponse \u00e0 la s\u00e9curit\u00e9 alimentaire (FSRP) du Groupe de la BID, d&rsquo;une valeur de 10,5 milliards de dollars.<\/p>\r\n<p>Nous restons d\u00e9termin\u00e9s \u00e0 \u00e9tendre notre impact et \u00e0 int\u00e9grer l&rsquo;action climatique et la s\u00e9curit\u00e9 alimentaire au profit de nos \u00c9tats membres. Nous continuerons \u00e0 nous engager avec les parties prenantes pour identifier les d\u00e9fis et concevoir des solutions d&rsquo;assurance sur mesure. Lors de la COP28 \u00e0 Duba\u00ef, la SIACE a lanc\u00e9 sa politique sur le changement climatique et son cadre ESG, r\u00e9affirmant l&rsquo;orientation politique de la SIACE dans la promotion du d\u00e9veloppement durable et de la r\u00e9silience face aux d\u00e9fis climatiques. En outre, la BID et la SIACE ont rejoint la plateforme de financement de l&rsquo;acc\u00e9l\u00e9rateur de la transition \u00e9nerg\u00e9tique (ETAF), g\u00e9r\u00e9e par l&rsquo;Agence internationale pour les \u00e9nergies renouvelables (IRENA), se positionnant ainsi comme un acteur cl\u00e9 dans les initiatives d&rsquo;action climatique.<\/p>\r\n<p>Nous restons determin\u00e9s \u00e9galement \u00e0 faire progresser notre mission et \u00e0 accro\u00eetre notre impact dans les ann\u00e9es \u00e0 venir. Nous continuerons \u00e0 travailler en \u00e9troite collaboration avec nos \u00c9tats membres, nos partenaires et les parties prenantes afin d&rsquo;identifier les d\u00e9fis \u00e9mergents et de d\u00e9velopper des solutions d&rsquo;assurance sur mesure qui r\u00e9pondent \u00e0 leurs besoins sp\u00e9cifiques. Gr\u00e2ce \u00e0 la collaboration et \u00e0 l&rsquo;innovation, nous nous efforcerons de cr\u00e9er un environnement propice \u00e0 une croissance \u00e9conomique durable, \u00e0 la facilitation du commerce et \u00e0 l&rsquo;attraction des investissements \u00e9trangers directs.<\/p>\r\n<p>En conclusion, nous voudrions exprimer notre plus grande gratitude \u00e0 l\u2019ancien PDG sortant de la SIACE, M. Oussama Al Kaissi, pour la croissance remarquable des affaires assur\u00e9es par la SIACE et pour son impact sur le d\u00e9veloppement, tout en maintenant la rentabilit\u00e9 de l&rsquo;entreprise pendant son mandat.<\/p>\r\n","protected":false},"excerpt":{"rendered":"<p>A l&rsquo;occasion du 30\u00e8me anniversaire de la SIACE, j&rsquo;ai le plaisir de vous pr\u00e9senter notre 7\u00e8me \u00e9dition du Rapport sur l&rsquo;Efficacit\u00e9 du D\u00e9veloppement. Ce rapport donne un aper\u00e7u de la mani\u00e8re dont les services d&rsquo;assurance de la SIACE sont con\u00e7us d\u2019une mani\u00e8re strat\u00e9gique pour obtenir des impacts cibl\u00e9s dans les principaux secteurs du d\u00e9veloppement, contribuant &hellip; <a href=\"https:\/\/iciec.isdb.org\/ader\/fr\/message-from-the-management\/\">Continued<\/a><\/p>\n","protected":false},"author":2,"featured_media":0,"parent":0,"menu_order":0,"comment_status":"closed","ping_status":"closed","template":"p-message.blade.php","meta":{"_acf_changed":false,"footnotes":""},"class_list":["post-651","page","type-page","status-publish","hentry"],"acf":[],"_links":{"self":[{"href":"https:\/\/iciec.isdb.org\/ader\/fr\/wp-json\/wp\/v2\/pages\/651","targetHints":{"allow":["GET"]}}],"collection":[{"href":"https:\/\/iciec.isdb.org\/ader\/fr\/wp-json\/wp\/v2\/pages"}],"about":[{"href":"https:\/\/iciec.isdb.org\/ader\/fr\/wp-json\/wp\/v2\/types\/page"}],"author":[{"embeddable":true,"href":"https:\/\/iciec.isdb.org\/ader\/fr\/wp-json\/wp\/v2\/users\/2"}],"replies":[{"embeddable":true,"href":"https:\/\/iciec.isdb.org\/ader\/fr\/wp-json\/wp\/v2\/comments?post=651"}],"version-history":[{"count":6,"href":"https:\/\/iciec.isdb.org\/ader\/fr\/wp-json\/wp\/v2\/pages\/651\/revisions"}],"predecessor-version":[{"id":930,"href":"https:\/\/iciec.isdb.org\/ader\/fr\/wp-json\/wp\/v2\/pages\/651\/revisions\/930"}],"wp:attachment":[{"href":"https:\/\/iciec.isdb.org\/ader\/fr\/wp-json\/wp\/v2\/media?parent=651"}],"curies":[{"name":"wp","href":"https:\/\/api.w.org\/{rel}","templated":true}]}}