{"id":655,"date":"2024-12-25T07:31:29","date_gmt":"2024-12-25T07:31:29","guid":{"rendered":"https:\/\/iciec.isdb.org\/ader\/?page_id=655"},"modified":"2025-02-18T14:11:45","modified_gmt":"2025-02-18T14:11:45","slug":"future-outlook","status":"publish","type":"page","link":"https:\/\/iciec.isdb.org\/ader\/fr\/future-outlook\/","title":{"rendered":"LES PERSPECTIVES D&rsquo;AVENIR"},"content":{"rendered":"\r\n<p>Au cours des derni\u00e8res ann\u00e9es, le paysage mondial du commerce et de l&rsquo;investissement a \u00e9t\u00e9 caract\u00e9ris\u00e9 par une s\u00e9rie de d\u00e9fis sans pr\u00e9c\u00e9dent. Si le monde a connu un semblant de reprise, il reste prisonnier d\u2019un r\u00e9seau d&rsquo;incertitudes. Deux facteurs principaux ont \u00e9t\u00e9 \u00e0 l&rsquo;\u00e9picentre de ces pr\u00e9occupations : l&rsquo;effet persistant de la pand\u00e9mie de COVID-19 et les tensions g\u00e9opolitiques r\u00e9sultant des conflits au Moyen-Orient et en Europe de l&rsquo;Est.<\/p>\r\n<p>Les pays de l&rsquo;Organisation de la Coop\u00e9ration Islamique (OCI), qui repr\u00e9sentent une part importante de l&rsquo;\u00e9conomie mondiale, ne sont pas \u00e0 l&rsquo;abri de ces vents contraires. La croissance \u00e9conomique au sein du bloc de l&rsquo;OCI devrait suivre une tendance mod\u00e9r\u00e9e, avec des estimations indiquant un taux de croissance de 5,6 % en 2022, se r\u00e9duisant \u00e0 3,5 % en 2023 et \u00e0 3,9 % en 2024.<\/p>\r\n","protected":false},"excerpt":{"rendered":"<p>Au cours des derni\u00e8res ann\u00e9es, le paysage mondial du commerce et de l&rsquo;investissement a \u00e9t\u00e9 caract\u00e9ris\u00e9 par une s\u00e9rie de d\u00e9fis sans pr\u00e9c\u00e9dent. Si le monde a connu un semblant de reprise, il reste prisonnier d\u2019un r\u00e9seau d&rsquo;incertitudes. Deux facteurs principaux ont \u00e9t\u00e9 \u00e0 l&rsquo;\u00e9picentre de ces pr\u00e9occupations : l&rsquo;effet persistant de la pand\u00e9mie de &hellip; <a href=\"https:\/\/iciec.isdb.org\/ader\/fr\/future-outlook\/\">Continued<\/a><\/p>\n","protected":false},"author":1,"featured_media":397,"parent":0,"menu_order":0,"comment_status":"closed","ping_status":"closed","template":"p-future-outlook.blade.php","meta":{"_acf_changed":false,"footnotes":""},"class_list":["post-655","page","type-page","status-publish","has-post-thumbnail","hentry"],"acf":[],"_links":{"self":[{"href":"https:\/\/iciec.isdb.org\/ader\/fr\/wp-json\/wp\/v2\/pages\/655","targetHints":{"allow":["GET"]}}],"collection":[{"href":"https:\/\/iciec.isdb.org\/ader\/fr\/wp-json\/wp\/v2\/pages"}],"about":[{"href":"https:\/\/iciec.isdb.org\/ader\/fr\/wp-json\/wp\/v2\/types\/page"}],"author":[{"embeddable":true,"href":"https:\/\/iciec.isdb.org\/ader\/fr\/wp-json\/wp\/v2\/users\/1"}],"replies":[{"embeddable":true,"href":"https:\/\/iciec.isdb.org\/ader\/fr\/wp-json\/wp\/v2\/comments?post=655"}],"version-history":[{"count":6,"href":"https:\/\/iciec.isdb.org\/ader\/fr\/wp-json\/wp\/v2\/pages\/655\/revisions"}],"predecessor-version":[{"id":928,"href":"https:\/\/iciec.isdb.org\/ader\/fr\/wp-json\/wp\/v2\/pages\/655\/revisions\/928"}],"wp:featuredmedia":[{"embeddable":true,"href":"https:\/\/iciec.isdb.org\/ader\/fr\/wp-json\/wp\/v2\/media\/397"}],"wp:attachment":[{"href":"https:\/\/iciec.isdb.org\/ader\/fr\/wp-json\/wp\/v2\/media?parent=655"}],"curies":[{"name":"wp","href":"https:\/\/api.w.org\/{rel}","templated":true}]}}