{"id":316,"date":"2025-05-19T09:29:37","date_gmt":"2025-05-19T09:29:37","guid":{"rendered":"https:\/\/iciec.isdb.org\/annual-report\/2024\/a-message-from-management\/"},"modified":"2025-05-29T08:52:15","modified_gmt":"2025-05-29T08:52:15","slug":"a-message-from-management","status":"publish","type":"page","link":"https:\/\/iciec.isdb.org\/annual-report\/2024\/fr\/a-message-from-management\/","title":{"rendered":"Message du Directeur g\u00e9n\u00e9ral de la SIACE"},"content":{"rendered":"\n<p>L&rsquo;ann\u00e9e 2024 nous laisse entrevoir des perspectives dont nous pouvons \u00eatre tr\u00e8s fiers. Ce fut une ann\u00e9e de progr\u00e8s remarquables pour la SIACE, marqu\u00e9e par une forte croissance, une expansion strat\u00e9gique et un impact renforc\u00e9 dans nos \u00c9tats membres. Avec un chiffre d&rsquo;affaires cumul\u00e9 assur\u00e9 d\u00e9passant d\u00e9sormais 121 milliards de dollars, dont la moiti\u00e9 de ce montant a \u00e9t\u00e9 g\u00e9n\u00e9r\u00e9 au cours des cinq derni\u00e8res ann\u00e9es, et 57 milliards de dollars ont \u00e9t\u00e9 consacr\u00e9s au commerce et aux investissements intra-OCI, nous continuons de stimuler l&rsquo;innovation, de renforcer la r\u00e9silience et de cr\u00e9er de nouvelles opportunit\u00e9s de commerce et d&rsquo;investissement durables.<\/p>\n\n\n\n<p>Malgr\u00e9 la volatilit\u00e9 mondiale, la SIACE a enregistr\u00e9 son septi\u00e8me exc\u00e9dent technique cons\u00e9cutif, affichant un r\u00e9sultat net de 24,9 millions de dollars en 2024, soit une hausse de 4 % par rapport \u00e0 2023, tout en conservant notre prestigieuse note Aa3 de Moody&rsquo;s pour la 17e ann\u00e9e cons\u00e9cutive et en obtenant une note AA- avec des perspectives stables de S&amp;P Global Ratings.<\/p>\n\n\n\n<p>Parmi nos \u00e9tapes strat\u00e9giques, nous comptons l&rsquo;arriv\u00e9e de la R\u00e9publique togolaise comme 50<sup>e<\/sup> \u00c9tat membre, l&rsquo;avancement de la mise en \u0153uvre de notre troisi\u00e8me augmentation g\u00e9n\u00e9rale de capital et le renforcement de notre engagement en faveur du d\u00e9veloppement durable gr\u00e2ce \u00e0 l&rsquo;approbation de notre politique sur le changement climatique et \u00e0 l&rsquo;affectation de 13 % de nos affaires assur\u00e9es \u00e0 des initiatives climatiques. Ces r\u00e9alisations, associ\u00e9es \u00e0 un milliard de dollars de transactions alimentaires approuv\u00e9es dans le cadre de notre Programme d&rsquo;intervention en mati\u00e8re de s\u00e9curit\u00e9 alimentaire, t\u00e9moignent de notre engagement ind\u00e9fectible qui consiste \u00e0 favoriser la r\u00e9silience \u00e9conomique et le d\u00e9veloppement durable dans nos<\/p>\n","protected":false},"excerpt":{"rendered":"<p>L&rsquo;ann\u00e9e 2024 nous laisse entrevoir des perspectives dont nous pouvons \u00eatre tr\u00e8s fiers. Ce fut une ann\u00e9e de progr\u00e8s remarquables pour la SIACE, marqu\u00e9e par une forte croissance, une expansion strat\u00e9gique et un impact renforc\u00e9 dans nos \u00c9tats membres. Avec un chiffre d&rsquo;affaires cumul\u00e9 assur\u00e9 d\u00e9passant d\u00e9sormais 121 milliards de dollars, dont la moiti\u00e9 de &hellip; <a href=\"https:\/\/iciec.isdb.org\/annual-report\/2024\/fr\/a-message-from-management\/\">Une r\u00e9silience<\/a><\/p>\n","protected":false},"author":1,"featured_media":318,"parent":0,"menu_order":0,"comment_status":"closed","ping_status":"closed","template":"page-templates\/message-from-chairman.blade.php","meta":{"_acf_changed":false,"footnotes":""},"class_list":["post-316","page","type-page","status-publish","has-post-thumbnail","hentry"],"acf":[],"_links":{"self":[{"href":"https:\/\/iciec.isdb.org\/annual-report\/2024\/fr\/wp-json\/wp\/v2\/pages\/316","targetHints":{"allow":["GET"]}}],"collection":[{"href":"https:\/\/iciec.isdb.org\/annual-report\/2024\/fr\/wp-json\/wp\/v2\/pages"}],"about":[{"href":"https:\/\/iciec.isdb.org\/annual-report\/2024\/fr\/wp-json\/wp\/v2\/types\/page"}],"author":[{"embeddable":true,"href":"https:\/\/iciec.isdb.org\/annual-report\/2024\/fr\/wp-json\/wp\/v2\/users\/1"}],"replies":[{"embeddable":true,"href":"https:\/\/iciec.isdb.org\/annual-report\/2024\/fr\/wp-json\/wp\/v2\/comments?post=316"}],"version-history":[{"count":1,"href":"https:\/\/iciec.isdb.org\/annual-report\/2024\/fr\/wp-json\/wp\/v2\/pages\/316\/revisions"}],"predecessor-version":[{"id":320,"href":"https:\/\/iciec.isdb.org\/annual-report\/2024\/fr\/wp-json\/wp\/v2\/pages\/316\/revisions\/320"}],"wp:featuredmedia":[{"embeddable":true,"href":"https:\/\/iciec.isdb.org\/annual-report\/2024\/fr\/wp-json\/wp\/v2\/media\/318"}],"wp:attachment":[{"href":"https:\/\/iciec.isdb.org\/annual-report\/2024\/fr\/wp-json\/wp\/v2\/media?parent=316"}],"curies":[{"name":"wp","href":"https:\/\/api.w.org\/{rel}","templated":true}]}}