{"id":352,"date":"2025-05-19T09:27:25","date_gmt":"2025-05-19T09:27:25","guid":{"rendered":"https:\/\/iciec.isdb.org\/annual-report\/2024\/support-for-food-security-and-climate-change\/"},"modified":"2025-06-03T14:14:27","modified_gmt":"2025-06-03T14:14:27","slug":"support-for-food-security-and-climate-change","status":"publish","type":"page","link":"https:\/\/iciec.isdb.org\/annual-report\/2024\/fr\/support-for-food-security-and-climate-change\/","title":{"rendered":"Soutien \u00e0 la s\u00e9curit\u00e9 alimentaire et au changement climatique"},"content":{"rendered":"","protected":false},"excerpt":{"rendered":"","protected":false},"author":1,"featured_media":354,"parent":0,"menu_order":0,"comment_status":"closed","ping_status":"closed","template":"page-templates\/support-climate.blade.php","meta":{"_acf_changed":false,"footnotes":""},"class_list":["post-352","page","type-page","status-publish","has-post-thumbnail","hentry"],"acf":[],"_links":{"self":[{"href":"https:\/\/iciec.isdb.org\/annual-report\/2024\/fr\/wp-json\/wp\/v2\/pages\/352","targetHints":{"allow":["GET"]}}],"collection":[{"href":"https:\/\/iciec.isdb.org\/annual-report\/2024\/fr\/wp-json\/wp\/v2\/pages"}],"about":[{"href":"https:\/\/iciec.isdb.org\/annual-report\/2024\/fr\/wp-json\/wp\/v2\/types\/page"}],"author":[{"embeddable":true,"href":"https:\/\/iciec.isdb.org\/annual-report\/2024\/fr\/wp-json\/wp\/v2\/users\/1"}],"replies":[{"embeddable":true,"href":"https:\/\/iciec.isdb.org\/annual-report\/2024\/fr\/wp-json\/wp\/v2\/comments?post=352"}],"version-history":[{"count":7,"href":"https:\/\/iciec.isdb.org\/annual-report\/2024\/fr\/wp-json\/wp\/v2\/pages\/352\/revisions"}],"predecessor-version":[{"id":771,"href":"https:\/\/iciec.isdb.org\/annual-report\/2024\/fr\/wp-json\/wp\/v2\/pages\/352\/revisions\/771"}],"wp:featuredmedia":[{"embeddable":true,"href":"https:\/\/iciec.isdb.org\/annual-report\/2024\/fr\/wp-json\/wp\/v2\/media\/354"}],"wp:attachment":[{"href":"https:\/\/iciec.isdb.org\/annual-report\/2024\/fr\/wp-json\/wp\/v2\/media?parent=352"}],"curies":[{"name":"wp","href":"https:\/\/api.w.org\/{rel}","templated":true}]}}