{"id":1517,"date":"2024-04-21T12:21:48","date_gmt":"2024-04-21T12:21:48","guid":{"rendered":"https:\/\/iciec.isdb.org\/annual-report\/2023-2\/message-from-the-ceo-of-iciec\/"},"modified":"2024-06-10T13:36:19","modified_gmt":"2024-06-10T13:36:19","slug":"message-from-the-ceo-of-iciec","status":"publish","type":"page","link":"https:\/\/iciec.isdb.org\/annual-report\/fr\/2023-2\/message-from-the-ceo-of-iciec\/","title":{"rendered":"MESSAGE DU\u00a0DG\u00a0de la SIACE\u200b"},"content":{"rendered":"\n<p>J&rsquo;ai le plaisir de pr\u00e9senter le rapport annuel de la Soci\u00e9t\u00e9 islamique&nbsp;d\u2019Assurance&nbsp;des investissements et des cr\u00e9dits \u00e0&nbsp;l&rsquo;exportation (SIACE) pour&nbsp;l\u2019ann\u00e9e&nbsp;2023, marquant une ann\u00e9e m\u00e9morable dans nos 30 ans d&rsquo;histoire avec&nbsp;un total&nbsp;cumul\u00e9 des Affaires assur\u00e9es&nbsp;d\u00e9passant 108,3 milliards de dollars depuis&nbsp;notre&nbsp;cr\u00e9ation. Cette r\u00e9alisation historique, avec&nbsp;plus de la moiti\u00e9 de ces activit\u00e9s r\u00e9alis\u00e9es au cours des cinq derni\u00e8res ann\u00e9es, souligne notre croissance et notre impact&nbsp;significatifs au cours des derni\u00e8res ann\u00e9es. Nous devons beaucoup \u00e0 notre partie prenante fondatrice, la Banque&nbsp;Islamique de D\u00e9veloppement (BID), ainsi qu&rsquo;au soutien sans r\u00e9serve de notre pays h\u00f4te, le Royaume d&rsquo;Arabie Saoudite,&nbsp;et de nos 49 actionnaires, qui ont jou\u00e9 un r\u00f4le&nbsp;essentiel&nbsp;dans notre succ\u00e8s continu.\u200b<\/p>\n\n\n\n<p>L\u2019ann\u00e9e 2023 a \u00e9t\u00e9 confront\u00e9e \u00e0 d\u2019importants d\u00e9fis mondiaux, marqu\u00e9s par les cons\u00e9quences \u00e9conomiques de la&nbsp;pand\u00e9mie, par la guerre en Ukraine qui a entrain\u00e9 une grave crise \u00e9nerg\u00e9tique, par les perturbations de la cha\u00eene&nbsp;d\u2019approvisionnement en produits alimentaires essentiels, par de nouvelles menaces macro\u00e9conomiques et par le conflit&nbsp;en Palestine. Dans ce contexte, l&rsquo;intervention de la SIACE \u00e0 travers la fourniture de cr\u00e9dits \u00e0 l&rsquo;exportation et d&rsquo;assurance&nbsp;contre les risques politiques, y compris des solutions de r\u00e9duction des risques et d&rsquo;am\u00e9lioration du cr\u00e9dit, \u00e9tait plus&nbsp;cruciale que jamais pour&nbsp;soutenir&nbsp;nos \u00c9tats membres \u00e0 s\u00e9curiser les produits strat\u00e9giques et \u00e0 favoriser le commerce et&nbsp;les investissements transfrontaliers.\u200b<\/p>\n\n\n\n<p>Nous restons&nbsp;engag\u00e9s&nbsp;\u00e0 accro\u00eetre notre impact et \u00e0 int\u00e9grer l\u2019action climatique et la s\u00e9curit\u00e9 alimentaire au profit de nos&nbsp;\u00c9tats membres. Nous continuerons \u00e0 collaborer avec les parties prenantes pour identifier les d\u00e9fis et concevoir des&nbsp;solutions d\u2019assurance sur mesure.\u200b<\/p>\n","protected":false},"excerpt":{"rendered":"<p>J&rsquo;ai le plaisir de pr\u00e9senter le rapport annuel de la Soci\u00e9t\u00e9 islamique&nbsp;d\u2019Assurance&nbsp;des investissements et des cr\u00e9dits \u00e0&nbsp;l&rsquo;exportation (SIACE) pour&nbsp;l\u2019ann\u00e9e&nbsp;2023, marquant une ann\u00e9e m\u00e9morable dans nos 30 ans d&rsquo;histoire avec&nbsp;un total&nbsp;cumul\u00e9 des Affaires assur\u00e9es&nbsp;d\u00e9passant 108,3 milliards de dollars depuis&nbsp;notre&nbsp;cr\u00e9ation. Cette r\u00e9alisation historique, avec&nbsp;plus de la moiti\u00e9 de ces activit\u00e9s r\u00e9alis\u00e9es au cours des cinq derni\u00e8res ann\u00e9es, &hellip; <a href=\"https:\/\/iciec.isdb.org\/annual-report\/fr\/2023-2\/message-from-the-ceo-of-iciec\/\">Continued<\/a><\/p>\n","protected":false},"author":1,"featured_media":1195,"parent":1483,"menu_order":0,"comment_status":"closed","ping_status":"closed","template":"page-templates\/2023\/message-from-ceo.blade.php","meta":{"_acf_changed":false,"inline_featured_image":false,"footnotes":""},"class_list":["post-1517","page","type-page","status-publish","has-post-thumbnail","hentry"],"acf":[],"_links":{"self":[{"href":"https:\/\/iciec.isdb.org\/annual-report\/fr\/wp-json\/wp\/v2\/pages\/1517","targetHints":{"allow":["GET"]}}],"collection":[{"href":"https:\/\/iciec.isdb.org\/annual-report\/fr\/wp-json\/wp\/v2\/pages"}],"about":[{"href":"https:\/\/iciec.isdb.org\/annual-report\/fr\/wp-json\/wp\/v2\/types\/page"}],"author":[{"embeddable":true,"href":"https:\/\/iciec.isdb.org\/annual-report\/fr\/wp-json\/wp\/v2\/users\/1"}],"replies":[{"embeddable":true,"href":"https:\/\/iciec.isdb.org\/annual-report\/fr\/wp-json\/wp\/v2\/comments?post=1517"}],"version-history":[{"count":4,"href":"https:\/\/iciec.isdb.org\/annual-report\/fr\/wp-json\/wp\/v2\/pages\/1517\/revisions"}],"predecessor-version":[{"id":1690,"href":"https:\/\/iciec.isdb.org\/annual-report\/fr\/wp-json\/wp\/v2\/pages\/1517\/revisions\/1690"}],"up":[{"embeddable":true,"href":"https:\/\/iciec.isdb.org\/annual-report\/fr\/wp-json\/wp\/v2\/pages\/1483"}],"wp:featuredmedia":[{"embeddable":true,"href":"https:\/\/iciec.isdb.org\/annual-report\/fr\/wp-json\/wp\/v2\/media\/1195"}],"wp:attachment":[{"href":"https:\/\/iciec.isdb.org\/annual-report\/fr\/wp-json\/wp\/v2\/media?parent=1517"}],"curies":[{"name":"wp","href":"https:\/\/api.w.org\/{rel}","templated":true}]}}