{"id":1617,"date":"2024-05-02T12:37:43","date_gmt":"2024-05-02T12:37:43","guid":{"rendered":"https:\/\/iciec.isdb.org\/annual-report\/2023-2\/major-projects\/"},"modified":"2024-06-23T06:58:25","modified_gmt":"2024-06-23T06:58:25","slug":"major-projects","status":"publish","type":"page","link":"https:\/\/iciec.isdb.org\/annual-report\/fr\/2023-2\/major-projects\/","title":{"rendered":"IMPACTS DES GRANDS PROJETS\u200b"},"content":{"rendered":"\n<p>En 2023, la SIACE a soutenu divers projets et transactions marquants dans ses \u00c9tats membres, les aidant \u00e0 atteindre leurs objectifs de d\u00e9veloppement en alignement avec les Objectifs de D\u00e9veloppement Durable (ODD).\u200b<\/p>\n","protected":false},"excerpt":{"rendered":"<p>En 2023, la SIACE a soutenu divers projets et transactions marquants dans ses \u00c9tats membres, les aidant \u00e0 atteindre leurs objectifs de d\u00e9veloppement en alignement avec les Objectifs de D\u00e9veloppement Durable (ODD).\u200b<\/p>\n","protected":false},"author":1,"featured_media":1618,"parent":1483,"menu_order":0,"comment_status":"closed","ping_status":"closed","template":"page-templates\/2023\/impact-major.blade.php","meta":{"_acf_changed":false,"inline_featured_image":false,"footnotes":""},"class_list":["post-1617","page","type-page","status-publish","has-post-thumbnail","hentry"],"acf":[],"_links":{"self":[{"href":"https:\/\/iciec.isdb.org\/annual-report\/fr\/wp-json\/wp\/v2\/pages\/1617","targetHints":{"allow":["GET"]}}],"collection":[{"href":"https:\/\/iciec.isdb.org\/annual-report\/fr\/wp-json\/wp\/v2\/pages"}],"about":[{"href":"https:\/\/iciec.isdb.org\/annual-report\/fr\/wp-json\/wp\/v2\/types\/page"}],"author":[{"embeddable":true,"href":"https:\/\/iciec.isdb.org\/annual-report\/fr\/wp-json\/wp\/v2\/users\/1"}],"replies":[{"embeddable":true,"href":"https:\/\/iciec.isdb.org\/annual-report\/fr\/wp-json\/wp\/v2\/comments?post=1617"}],"version-history":[{"count":3,"href":"https:\/\/iciec.isdb.org\/annual-report\/fr\/wp-json\/wp\/v2\/pages\/1617\/revisions"}],"predecessor-version":[{"id":1755,"href":"https:\/\/iciec.isdb.org\/annual-report\/fr\/wp-json\/wp\/v2\/pages\/1617\/revisions\/1755"}],"up":[{"embeddable":true,"href":"https:\/\/iciec.isdb.org\/annual-report\/fr\/wp-json\/wp\/v2\/pages\/1483"}],"wp:featuredmedia":[{"embeddable":true,"href":"https:\/\/iciec.isdb.org\/annual-report\/fr\/wp-json\/wp\/v2\/media\/1618"}],"wp:attachment":[{"href":"https:\/\/iciec.isdb.org\/annual-report\/fr\/wp-json\/wp\/v2\/media?parent=1617"}],"curies":[{"name":"wp","href":"https:\/\/api.w.org\/{rel}","templated":true}]}}