{"id":1654,"date":"2024-05-02T16:35:31","date_gmt":"2024-05-02T16:35:31","guid":{"rendered":"https:\/\/iciec.isdb.org\/annual-report\/2023-2\/iciec-support-for-climate-change-and-food-security\/"},"modified":"2024-06-10T12:41:16","modified_gmt":"2024-06-10T12:41:16","slug":"iciec-support-for-climate-change-and-food-security","status":"publish","type":"page","link":"https:\/\/iciec.isdb.org\/annual-report\/fr\/2023-2\/iciec-support-for-climate-change-and-food-security\/","title":{"rendered":"SOUTIEN DE LA SIACE AU CHANGEMENT CLIMATIQUE ET \u00c0 LA S\u00c9CURIT\u00c9 ALIMENTAIRE\u200b"},"content":{"rendered":"","protected":false},"excerpt":{"rendered":"","protected":false},"author":1,"featured_media":1655,"parent":1483,"menu_order":0,"comment_status":"closed","ping_status":"closed","template":"page-templates\/2023\/support-climate.blade.php","meta":{"_acf_changed":false,"inline_featured_image":false,"footnotes":""},"class_list":["post-1654","page","type-page","status-publish","has-post-thumbnail","hentry"],"acf":[],"_links":{"self":[{"href":"https:\/\/iciec.isdb.org\/annual-report\/fr\/wp-json\/wp\/v2\/pages\/1654","targetHints":{"allow":["GET"]}}],"collection":[{"href":"https:\/\/iciec.isdb.org\/annual-report\/fr\/wp-json\/wp\/v2\/pages"}],"about":[{"href":"https:\/\/iciec.isdb.org\/annual-report\/fr\/wp-json\/wp\/v2\/types\/page"}],"author":[{"embeddable":true,"href":"https:\/\/iciec.isdb.org\/annual-report\/fr\/wp-json\/wp\/v2\/users\/1"}],"replies":[{"embeddable":true,"href":"https:\/\/iciec.isdb.org\/annual-report\/fr\/wp-json\/wp\/v2\/comments?post=1654"}],"version-history":[{"count":3,"href":"https:\/\/iciec.isdb.org\/annual-report\/fr\/wp-json\/wp\/v2\/pages\/1654\/revisions"}],"predecessor-version":[{"id":1659,"href":"https:\/\/iciec.isdb.org\/annual-report\/fr\/wp-json\/wp\/v2\/pages\/1654\/revisions\/1659"}],"up":[{"embeddable":true,"href":"https:\/\/iciec.isdb.org\/annual-report\/fr\/wp-json\/wp\/v2\/pages\/1483"}],"wp:featuredmedia":[{"embeddable":true,"href":"https:\/\/iciec.isdb.org\/annual-report\/fr\/wp-json\/wp\/v2\/media\/1655"}],"wp:attachment":[{"href":"https:\/\/iciec.isdb.org\/annual-report\/fr\/wp-json\/wp\/v2\/media?parent=1654"}],"curies":[{"name":"wp","href":"https:\/\/api.w.org\/{rel}","templated":true}]}}