{"id":1693,"date":"2024-05-22T14:56:32","date_gmt":"2024-05-22T14:56:32","guid":{"rendered":"https:\/\/iciec.isdb.org\/annual-report\/2023-2\/message-from-the-chairman\/"},"modified":"2024-06-10T14:19:45","modified_gmt":"2024-06-10T14:19:45","slug":"message-from-the-chairman","status":"publish","type":"page","link":"https:\/\/iciec.isdb.org\/annual-report\/fr\/2023-2\/message-from-the-chairman\/","title":{"rendered":"Message du pr\u00e9sident"},"content":{"rendered":"\n<p>Assalaamu alaikum wa rahmatullahi wa barakaatuh<\/p>\n\n\n\n<p>Conform\u00e9ment aux articles 27 et 44 (2) des Statuts de la Soci\u00e9t\u00e9 Islamique<br>d\u2019assurance des Investissements et des Cr\u00e9dits l\u2019Exportation (SIACE), j\u2019ai<br>le grand plaisir de soumettre, au nom du Conseil d\u2019Administration, le<br>rapport annuel de la SIACE sur les activit\u00e9s, les r\u00e9alisations et les \u00e9tats<br>financiers v\u00e9rifi\u00e9s pour l\u2019ann\u00e9e 2023 \u00e0 l\u2019attention de l\u2019estim\u00e9 Conseil des<br>gouverneurs. Le rapport donne un aper\u00e7u des principales activit\u00e9s de<br>la SIACE et de ses \u00e9tats financiers audit\u00e9s refl\u00e9tant les efforts de la SIACE<br>pour atteindre ses objectifs et apporter des dividendes de d\u00e9veloppement<br>aux \u00c9tats membres.<\/p>\n\n\n\n<p><br>Veuillez agr\u00e9er, Monsieur le Pr\u00e9sident, les assurances de ma tr\u00e8s haute<br>consid\u00e9ration.<\/p>\n","protected":false},"excerpt":{"rendered":"<p>Assalaamu alaikum wa rahmatullahi wa barakaatuh Conform\u00e9ment aux articles 27 et 44 (2) des Statuts de la Soci\u00e9t\u00e9 Islamiqued\u2019assurance des Investissements et des Cr\u00e9dits l\u2019Exportation (SIACE), j\u2019aile grand plaisir de soumettre, au nom du Conseil d\u2019Administration, lerapport annuel de la SIACE sur les activit\u00e9s, les r\u00e9alisations et les \u00e9tatsfinanciers v\u00e9rifi\u00e9s pour l\u2019ann\u00e9e 2023 \u00e0 l\u2019attention &hellip; <a href=\"https:\/\/iciec.isdb.org\/annual-report\/fr\/2023-2\/message-from-the-chairman\/\">Continued<\/a><\/p>\n","protected":false},"author":1,"featured_media":1195,"parent":1483,"menu_order":0,"comment_status":"closed","ping_status":"closed","template":"page-templates\/2023\/message-from-chairman.blade.php","meta":{"_acf_changed":false,"inline_featured_image":false,"footnotes":""},"class_list":["post-1693","page","type-page","status-publish","has-post-thumbnail","hentry"],"acf":[],"_links":{"self":[{"href":"https:\/\/iciec.isdb.org\/annual-report\/fr\/wp-json\/wp\/v2\/pages\/1693","targetHints":{"allow":["GET"]}}],"collection":[{"href":"https:\/\/iciec.isdb.org\/annual-report\/fr\/wp-json\/wp\/v2\/pages"}],"about":[{"href":"https:\/\/iciec.isdb.org\/annual-report\/fr\/wp-json\/wp\/v2\/types\/page"}],"author":[{"embeddable":true,"href":"https:\/\/iciec.isdb.org\/annual-report\/fr\/wp-json\/wp\/v2\/users\/1"}],"replies":[{"embeddable":true,"href":"https:\/\/iciec.isdb.org\/annual-report\/fr\/wp-json\/wp\/v2\/comments?post=1693"}],"version-history":[{"count":10,"href":"https:\/\/iciec.isdb.org\/annual-report\/fr\/wp-json\/wp\/v2\/pages\/1693\/revisions"}],"predecessor-version":[{"id":1747,"href":"https:\/\/iciec.isdb.org\/annual-report\/fr\/wp-json\/wp\/v2\/pages\/1693\/revisions\/1747"}],"up":[{"embeddable":true,"href":"https:\/\/iciec.isdb.org\/annual-report\/fr\/wp-json\/wp\/v2\/pages\/1483"}],"wp:featuredmedia":[{"embeddable":true,"href":"https:\/\/iciec.isdb.org\/annual-report\/fr\/wp-json\/wp\/v2\/media\/1195"}],"wp:attachment":[{"href":"https:\/\/iciec.isdb.org\/annual-report\/fr\/wp-json\/wp\/v2\/media?parent=1693"}],"curies":[{"name":"wp","href":"https:\/\/api.w.org\/{rel}","templated":true}]}}