{"id":5400,"date":"2020-12-06T10:04:53","date_gmt":"2020-12-06T07:04:53","guid":{"rendered":"http:\/\/whyidont.com\/ICIEC-latest\/knowledge-center\/annual-development-effectiveness-reports\/"},"modified":"2025-07-16T13:34:13","modified_gmt":"2025-07-16T10:34:13","slug":"annual-development-effectiveness-reports","status":"publish","type":"page","link":"https:\/\/iciec.isdb.org\/fr\/knowledge-center\/annual-development-effectiveness-reports\/","title":{"rendered":"Les rapports annuels sur l\u2019efficacit\u00e9 des activit\u00e9s de d\u00e9veloppement"},"content":{"rendered":"","protected":false},"excerpt":{"rendered":"","protected":false},"author":1,"featured_media":1674,"parent":5398,"menu_order":0,"comment_status":"closed","ping_status":"closed","template":"page-templates\/page-knowledge-center.php","meta":{"_acf_changed":false,"footnotes":""},"class_list":["post-5400","page","type-page","status-publish","has-post-thumbnail","hentry"],"acf":[],"_links":{"self":[{"href":"https:\/\/iciec.isdb.org\/fr\/wp-json\/wp\/v2\/pages\/5400","targetHints":{"allow":["GET"]}}],"collection":[{"href":"https:\/\/iciec.isdb.org\/fr\/wp-json\/wp\/v2\/pages"}],"about":[{"href":"https:\/\/iciec.isdb.org\/fr\/wp-json\/wp\/v2\/types\/page"}],"author":[{"embeddable":true,"href":"https:\/\/iciec.isdb.org\/fr\/wp-json\/wp\/v2\/users\/1"}],"replies":[{"embeddable":true,"href":"https:\/\/iciec.isdb.org\/fr\/wp-json\/wp\/v2\/comments?post=5400"}],"version-history":[{"count":13,"href":"https:\/\/iciec.isdb.org\/fr\/wp-json\/wp\/v2\/pages\/5400\/revisions"}],"predecessor-version":[{"id":18558,"href":"https:\/\/iciec.isdb.org\/fr\/wp-json\/wp\/v2\/pages\/5400\/revisions\/18558"}],"up":[{"embeddable":true,"href":"https:\/\/iciec.isdb.org\/fr\/wp-json\/wp\/v2\/pages\/5398"}],"wp:featuredmedia":[{"embeddable":true,"href":"https:\/\/iciec.isdb.org\/fr\/wp-json\/wp\/v2\/media\/1674"}],"wp:attachment":[{"href":"https:\/\/iciec.isdb.org\/fr\/wp-json\/wp\/v2\/media?parent=5400"}],"curies":[{"name":"wp","href":"https:\/\/api.w.org\/{rel}","templated":true}]}}